{"id":982,"date":"2018-03-09T12:49:28","date_gmt":"2018-03-09T12:49:28","guid":{"rendered":"https:\/\/frances.refugiodelneusa.com\/index.php\/testimonials\/"},"modified":"2022-10-13T02:48:46","modified_gmt":"2022-10-13T02:48:46","slug":"testimonials","status":"publish","type":"page","link":"https:\/\/frances.refugiodelneusa.com\/index.php\/testimonials\/","title":{"rendered":"Testimonials"},"content":{"rendered":"\n\n\t\t\t<h4>Testimonios<\/h4><h2>Crea tu historia con nosotros.<\/h2>\t\t\t\n\t\t\t\t\t\t\t\t<h3 class='uabb-testimonial-author-name testimonial-author-name'>Socorro Caceres<\/h3>\t\t\t\t\t\t\t\t\n\t\t\t\t\t\t\t\t\tCliente Google\t\t\t\t\t\t\t\t\n\t\t\t\t\t\t\t<p>Lugar ideal para el descanso, ubicaci\u00f3n cerca a las monta\u00f1as ,espectacular panor\u00e1mica d\u00f3nde se puede apreciar y disfrutar las maravillas de la naturaleza, el clima es bastante fr\u00edo.<\/p>\t\t\t\t\t\t\n\t\t\t\t\t\t\t\t<h3 class='uabb-testimonial-author-name testimonial-author-name'>Edwin Montes<\/h3>\t\t\t\t\t\t\t\t\n\t\t\t\t\t\t\t\t\tCliente Google\t\t\t\t\t\t\t\t\n\t\t\t\t\t\t\t<p>Excelente sitio para disfrutar del descanso la naturaleza y el relax.<\/p>\t\t\t\t\t\t\n\t\t\t\t\t\t\t\t<h3 class='uabb-testimonial-author-name testimonial-author-name'>Melisa Rincon<\/h3>\t\t\t\t\t\t\t\t\n\t\t\t\t\t\t\t\t\tLocal Guide\t\t\t\t\t\t\t\t\n\t\t\t\t\t\t\t<p>Me asalta una duda, si la zona de camping es parte de este lugar.<\/p>\t\t\t\t\t\t\n\t\n","protected":false},"excerpt":{"rendered":"<p>Testimonios Crea tu historia con nosotros. Socorro Caceres Cliente Google Lugar ideal para el descanso, ubicaci\u00f3n cerca a las monta\u00f1as ,espectacular panor\u00e1mica d\u00f3nde se puede apreciar y disfrutar las maravillas de la naturaleza, el clima es bastante fr\u00edo. Edwin Montes Cliente Google Excelente sitio para disfrutar del descanso la naturaleza y el relax. Melisa Rincon &hellip;<\/p>\n<p class=\"read-more\"> <a class=\"\" href=\"https:\/\/frances.refugiodelneusa.com\/index.php\/testimonials\/\"> <span class=\"screen-reader-text\">Testimonials<\/span> Leer m\u00e1s &raquo;<\/a><\/p>\n","protected":false},"author":1,"featured_media":0,"parent":0,"menu_order":0,"comment_status":"closed","ping_status":"closed","template":"","meta":{"om_disable_all_campaigns":false,"_monsterinsights_skip_tracking":false,"_monsterinsights_sitenote_active":false,"_monsterinsights_sitenote_note":"","_monsterinsights_sitenote_category":0,"_joinchat":[],"footnotes":""},"aioseo_notices":[],"_links":{"self":[{"href":"https:\/\/frances.refugiodelneusa.com\/index.php\/wp-json\/wp\/v2\/pages\/982"}],"collection":[{"href":"https:\/\/frances.refugiodelneusa.com\/index.php\/wp-json\/wp\/v2\/pages"}],"about":[{"href":"https:\/\/frances.refugiodelneusa.com\/index.php\/wp-json\/wp\/v2\/types\/page"}],"author":[{"embeddable":true,"href":"https:\/\/frances.refugiodelneusa.com\/index.php\/wp-json\/wp\/v2\/users\/1"}],"replies":[{"embeddable":true,"href":"https:\/\/frances.refugiodelneusa.com\/index.php\/wp-json\/wp\/v2\/comments?post=982"}],"version-history":[{"count":4,"href":"https:\/\/frances.refugiodelneusa.com\/index.php\/wp-json\/wp\/v2\/pages\/982\/revisions"}],"predecessor-version":[{"id":1153,"href":"https:\/\/frances.refugiodelneusa.com\/index.php\/wp-json\/wp\/v2\/pages\/982\/revisions\/1153"}],"wp:attachment":[{"href":"https:\/\/frances.refugiodelneusa.com\/index.php\/wp-json\/wp\/v2\/media?parent=982"}],"curies":[{"name":"wp","href":"https:\/\/api.w.org\/{rel}","templated":true}]}}